{"id":84,"date":"2024-08-12T15:29:30","date_gmt":"2024-08-12T13:29:30","guid":{"rendered":"https:\/\/brn.hu\/?post_type=product&#038;p=84"},"modified":"2025-02-05T15:48:12","modified_gmt":"2025-02-05T14:48:12","slug":"brn123","status":"publish","type":"product","link":"https:\/\/brn.hu\/en\/product\/brn123\/","title":{"rendered":"123 &#8211; Nat\u00far Olaszrizling"},"content":{"rendered":"","protected":false},"excerpt":{"rendered":"<h2>BRN 123: Nat\u00far Olaszrizling a Szent Gy\u00f6rgy-hegyr\u0151l.<\/h2>\n<p>A balatoni naps\u00fct\u00e9s, a Szent Gy\u00f6rgy-hegy vulkanikus talaja \u00e9s a nat\u00far bork\u00e9sz\u00edt\u00e9s tisztas\u00e1ga egy palackban. A Balaton-felvid\u00e9k fiatal bor\u00e1szat\u00e1nak, a BRN els\u0151 borai k\u00f6z\u00f6tt tal\u00e1lhat\u00f3.<\/p>\n<p>A Szent Gy\u00f6rgy-hegy d\u00e9li lank\u00e1j\u00e1n nevelkedett, majd a megfelel\u0151 id\u0151ben gondos kezek sz\u00fcretelt\u00e9k.<br \/>\nEz a friss, \u00fcde \u00e9s lend\u00fcletes Olaszrizling k\u00e9t \u00e9ven \u00e1t hord\u00f3ban \u00e9rlel\u0151d\u00f6tt, hogy minden cseppje a term\u00e9szet esszenci\u00e1j\u00e1t hozza el neked.<\/p>\n<p>Az Olaszrizling az egyik legautentikusabb hazai fajta, amely t\u00f6k\u00e9letesen t\u00fckr\u00f6zi a term\u0151ter\u00fclet karakter\u00e9t. A Szent Gy\u00f6rgy-hegy \u00e1sv\u00e1nyoss\u00e1ga, a naps\u00fct\u00e9s \u00e9retts\u00e9ge \u00e9s a nat\u00far bor\u00e1szat szabads\u00e1ga teszi ezt a bort igaz\u00e1n egyediv\u00e9. Letisztult, m\u00e9gis izgalmas arom\u00e1k, amelyek minden kortyban mes\u00e9lnek. Kortyolj bele a term\u00e9szetbe!<\/p>\n<p><strong>Nat\u00far bor &#8211; nem adtunk hozz\u00e1 semmit, nem vett\u00fcnk el bel\u0151le semmit. Csak a sz\u0151l\u0151 maga.<\/strong><\/p>\n<p><strong>Eg\u00e9szs\u00e9gedre!<\/strong><\/p>\n<p><em>sz\u00e1raz feh\u00e9rbor \u2022 750 ml \u2022 10,6%<\/em><\/p>","protected":false},"featured_media":631,"comment_status":"closed","ping_status":"closed","template":"","meta":[],"product_cat":[27],"product_tag":[],"class_list":{"0":"post-84","1":"product","2":"type-product","3":"status-publish","4":"has-post-thumbnail","6":"product_cat-2023-as-palackozas","8":"first","9":"instock","10":"shipping-taxable","11":"purchasable","12":"product-type-simple"},"yoast_head":"<!-- This site is optimized with the Yoast SEO plugin v24.0 - https:\/\/yoast.com\/wordpress\/plugins\/seo\/ -->\n<title>123 - Olaszrizling nat\u00far bor a Szent Gy\u00f6rgy-hegyr\u0151l - BRN<\/title>\n<meta name=\"description\" content=\"123-as olasz rizling nat\u00far bor, melyet 2021-ben k\u00e9zzel sz\u00fcretelt\u00fcnk, k\u00e9t \u00e9vig magyar hord\u00f3kban \u00e9rlelt\u00fcnk, majd egy \u00fajabb \u00e9vet pihent palackban.\" \/>\n<meta name=\"robots\" content=\"index, follow, max-snippet:-1, max-image-preview:large, max-video-preview:-1\" \/>\n<link rel=\"canonical\" href=\"https:\/\/brn.hu\/en\/product\/brn123\/\" \/>\n<meta property=\"og:locale\" content=\"en_GB\" \/>\n<meta property=\"og:type\" content=\"article\" \/>\n<meta property=\"og:title\" content=\"123 - Olaszrizling nat\u00far bor a Szent Gy\u00f6rgy-hegyr\u0151l - BRN\" \/>\n<meta property=\"og:description\" content=\"123-as olasz rizling nat\u00far bor, melyet 2021-ben k\u00e9zzel sz\u00fcretelt\u00fcnk, k\u00e9t \u00e9vig magyar hord\u00f3kban \u00e9rlelt\u00fcnk, majd egy \u00fajabb \u00e9vet pihent palackban.\" \/>\n<meta property=\"og:url\" content=\"https:\/\/brn.hu\/en\/product\/brn123\/\" \/>\n<meta property=\"og:site_name\" content=\"BRN\" \/>\n<meta property=\"article:modified_time\" content=\"2025-02-05T14:48:12+00:00\" \/>\n<meta property=\"og:image\" content=\"https:\/\/brn.hu\/wp-content\/uploads\/2024\/08\/123.jpg\" \/>\n\t<meta property=\"og:image:width\" content=\"1210\" \/>\n\t<meta property=\"og:image:height\" content=\"1210\" \/>\n\t<meta property=\"og:image:type\" content=\"image\/jpeg\" \/>\n<meta name=\"twitter:card\" content=\"summary_large_image\" \/>\n<meta name=\"twitter:label1\" content=\"Estimated reading time\" \/>\n\t<meta name=\"twitter:data1\" content=\"1 minute\" \/>\n<script type=\"application\/ld+json\" class=\"yoast-schema-graph\">{\"@context\":\"https:\/\/schema.org\",\"@graph\":[{\"@type\":\"WebPage\",\"@id\":\"https:\/\/brn.hu\/termek\/brn123\/\",\"url\":\"https:\/\/brn.hu\/termek\/brn123\/\",\"name\":\"123 - Olaszrizling nat\u00far bor a Szent Gy\u00f6rgy-hegyr\u0151l - BRN\",\"isPartOf\":{\"@id\":\"https:\/\/brn.hu\/#website\"},\"primaryImageOfPage\":{\"@id\":\"https:\/\/brn.hu\/termek\/brn123\/#primaryimage\"},\"image\":{\"@id\":\"https:\/\/brn.hu\/termek\/brn123\/#primaryimage\"},\"thumbnailUrl\":\"https:\/\/brn.hu\/wp-content\/uploads\/2024\/08\/123.jpg\",\"datePublished\":\"2024-08-12T13:29:30+00:00\",\"dateModified\":\"2025-02-05T14:48:12+00:00\",\"description\":\"123-as olasz rizling nat\u00far bor, melyet 2021-ben k\u00e9zzel sz\u00fcretelt\u00fcnk, k\u00e9t \u00e9vig magyar hord\u00f3kban \u00e9rlelt\u00fcnk, majd egy \u00fajabb \u00e9vet pihent palackban.\",\"breadcrumb\":{\"@id\":\"https:\/\/brn.hu\/termek\/brn123\/#breadcrumb\"},\"inLanguage\":\"en-GB\",\"potentialAction\":[{\"@type\":\"ReadAction\",\"target\":[\"https:\/\/brn.hu\/termek\/brn123\/\"]}]},{\"@type\":\"ImageObject\",\"inLanguage\":\"en-GB\",\"@id\":\"https:\/\/brn.hu\/termek\/brn123\/#primaryimage\",\"url\":\"https:\/\/brn.hu\/wp-content\/uploads\/2024\/08\/123.jpg\",\"contentUrl\":\"https:\/\/brn.hu\/wp-content\/uploads\/2024\/08\/123.jpg\",\"width\":1210,\"height\":1210},{\"@type\":\"BreadcrumbList\",\"@id\":\"https:\/\/brn.hu\/termek\/brn123\/#breadcrumb\",\"itemListElement\":[{\"@type\":\"ListItem\",\"position\":1,\"name\":\"Kezd\u0151lap\",\"item\":\"https:\/\/brn.hu\/\"},{\"@type\":\"ListItem\",\"position\":2,\"name\":\"Bolt\",\"item\":\"https:\/\/brn.hu\/bolt\/\"},{\"@type\":\"ListItem\",\"position\":3,\"name\":\"123 &#8211; Nat\u00far Olaszrizling\"}]},{\"@type\":\"WebSite\",\"@id\":\"https:\/\/brn.hu\/#website\",\"url\":\"https:\/\/brn.hu\/\",\"name\":\"BRN\",\"description\":\"\",\"publisher\":{\"@id\":\"https:\/\/brn.hu\/#organization\"},\"potentialAction\":[{\"@type\":\"SearchAction\",\"target\":{\"@type\":\"EntryPoint\",\"urlTemplate\":\"https:\/\/brn.hu\/?s={search_term_string}\"},\"query-input\":{\"@type\":\"PropertyValueSpecification\",\"valueRequired\":true,\"valueName\":\"search_term_string\"}}],\"inLanguage\":\"en-GB\"},{\"@type\":\"Organization\",\"@id\":\"https:\/\/brn.hu\/#organization\",\"name\":\"BRN\",\"url\":\"https:\/\/brn.hu\/\",\"logo\":{\"@type\":\"ImageObject\",\"inLanguage\":\"en-GB\",\"@id\":\"https:\/\/brn.hu\/#\/schema\/logo\/image\/\",\"url\":\"https:\/\/brn.hu\/wp-content\/uploads\/2024\/08\/brn-logo.png\",\"contentUrl\":\"https:\/\/brn.hu\/wp-content\/uploads\/2024\/08\/brn-logo.png\",\"width\":251,\"height\":113,\"caption\":\"BRN\"},\"image\":{\"@id\":\"https:\/\/brn.hu\/#\/schema\/logo\/image\/\"}}]}<\/script>\n<!-- \/ Yoast SEO plugin. -->","yoast_head_json":{"title":"123 - Olaszrizling nat\u00far bor a Szent Gy\u00f6rgy-hegyr\u0151l - BRN","description":"123-as olasz rizling nat\u00far bor, melyet 2021-ben k\u00e9zzel sz\u00fcretelt\u00fcnk, k\u00e9t \u00e9vig magyar hord\u00f3kban \u00e9rlelt\u00fcnk, majd egy \u00fajabb \u00e9vet pihent palackban.","robots":{"index":"index","follow":"follow","max-snippet":"max-snippet:-1","max-image-preview":"max-image-preview:large","max-video-preview":"max-video-preview:-1"},"canonical":"https:\/\/brn.hu\/en\/product\/brn123\/","og_locale":"en_GB","og_type":"article","og_title":"123 - Olaszrizling nat\u00far bor a Szent Gy\u00f6rgy-hegyr\u0151l - BRN","og_description":"123-as olasz rizling nat\u00far bor, melyet 2021-ben k\u00e9zzel sz\u00fcretelt\u00fcnk, k\u00e9t \u00e9vig magyar hord\u00f3kban \u00e9rlelt\u00fcnk, majd egy \u00fajabb \u00e9vet pihent palackban.","og_url":"https:\/\/brn.hu\/en\/product\/brn123\/","og_site_name":"BRN","article_modified_time":"2025-02-05T14:48:12+00:00","og_image":[{"width":1210,"height":1210,"url":"https:\/\/brn.hu\/wp-content\/uploads\/2024\/08\/123.jpg","type":"image\/jpeg"}],"twitter_card":"summary_large_image","twitter_misc":{"Estimated reading time":"1 minute"},"schema":{"@context":"https:\/\/schema.org","@graph":[{"@type":"WebPage","@id":"https:\/\/brn.hu\/termek\/brn123\/","url":"https:\/\/brn.hu\/termek\/brn123\/","name":"123 - Olaszrizling nat\u00far bor a Szent Gy\u00f6rgy-hegyr\u0151l - BRN","isPartOf":{"@id":"https:\/\/brn.hu\/#website"},"primaryImageOfPage":{"@id":"https:\/\/brn.hu\/termek\/brn123\/#primaryimage"},"image":{"@id":"https:\/\/brn.hu\/termek\/brn123\/#primaryimage"},"thumbnailUrl":"https:\/\/brn.hu\/wp-content\/uploads\/2024\/08\/123.jpg","datePublished":"2024-08-12T13:29:30+00:00","dateModified":"2025-02-05T14:48:12+00:00","description":"123-as olasz rizling nat\u00far bor, melyet 2021-ben k\u00e9zzel sz\u00fcretelt\u00fcnk, k\u00e9t \u00e9vig magyar hord\u00f3kban \u00e9rlelt\u00fcnk, majd egy \u00fajabb \u00e9vet pihent palackban.","breadcrumb":{"@id":"https:\/\/brn.hu\/termek\/brn123\/#breadcrumb"},"inLanguage":"en-GB","potentialAction":[{"@type":"ReadAction","target":["https:\/\/brn.hu\/termek\/brn123\/"]}]},{"@type":"ImageObject","inLanguage":"en-GB","@id":"https:\/\/brn.hu\/termek\/brn123\/#primaryimage","url":"https:\/\/brn.hu\/wp-content\/uploads\/2024\/08\/123.jpg","contentUrl":"https:\/\/brn.hu\/wp-content\/uploads\/2024\/08\/123.jpg","width":1210,"height":1210},{"@type":"BreadcrumbList","@id":"https:\/\/brn.hu\/termek\/brn123\/#breadcrumb","itemListElement":[{"@type":"ListItem","position":1,"name":"Kezd\u0151lap","item":"https:\/\/brn.hu\/"},{"@type":"ListItem","position":2,"name":"Bolt","item":"https:\/\/brn.hu\/bolt\/"},{"@type":"ListItem","position":3,"name":"123 &#8211; Nat\u00far Olaszrizling"}]},{"@type":"WebSite","@id":"https:\/\/brn.hu\/#website","url":"https:\/\/brn.hu\/","name":"BRN","description":"","publisher":{"@id":"https:\/\/brn.hu\/#organization"},"potentialAction":[{"@type":"SearchAction","target":{"@type":"EntryPoint","urlTemplate":"https:\/\/brn.hu\/?s={search_term_string}"},"query-input":{"@type":"PropertyValueSpecification","valueRequired":true,"valueName":"search_term_string"}}],"inLanguage":"en-GB"},{"@type":"Organization","@id":"https:\/\/brn.hu\/#organization","name":"BRN","url":"https:\/\/brn.hu\/","logo":{"@type":"ImageObject","inLanguage":"en-GB","@id":"https:\/\/brn.hu\/#\/schema\/logo\/image\/","url":"https:\/\/brn.hu\/wp-content\/uploads\/2024\/08\/brn-logo.png","contentUrl":"https:\/\/brn.hu\/wp-content\/uploads\/2024\/08\/brn-logo.png","width":251,"height":113,"caption":"BRN"},"image":{"@id":"https:\/\/brn.hu\/#\/schema\/logo\/image\/"}}]}},"_links":{"self":[{"href":"https:\/\/brn.hu\/en\/wp-json\/wp\/v2\/product\/84","targetHints":{"allow":["GET"]}}],"collection":[{"href":"https:\/\/brn.hu\/en\/wp-json\/wp\/v2\/product"}],"about":[{"href":"https:\/\/brn.hu\/en\/wp-json\/wp\/v2\/types\/product"}],"replies":[{"embeddable":true,"href":"https:\/\/brn.hu\/en\/wp-json\/wp\/v2\/comments?post=84"}],"wp:featuredmedia":[{"embeddable":true,"href":"https:\/\/brn.hu\/en\/wp-json\/wp\/v2\/media\/631"}],"wp:attachment":[{"href":"https:\/\/brn.hu\/en\/wp-json\/wp\/v2\/media?parent=84"}],"wp:term":[{"taxonomy":"product_cat","embeddable":true,"href":"https:\/\/brn.hu\/en\/wp-json\/wp\/v2\/product_cat?post=84"},{"taxonomy":"product_tag","embeddable":true,"href":"https:\/\/brn.hu\/en\/wp-json\/wp\/v2\/product_tag?post=84"}],"curies":[{"name":"wp","href":"https:\/\/api.w.org\/{rel}","templated":true}]}}