{"id":712,"date":"2024-12-17T20:43:55","date_gmt":"2024-12-17T19:43:55","guid":{"rendered":"https:\/\/brn.hu\/?post_type=product&#038;p=712"},"modified":"2025-02-05T10:44:11","modified_gmt":"2025-02-05T09:44:11","slug":"mindentbele","status":"publish","type":"product","link":"https:\/\/brn.hu\/en\/product\/mindentbele\/","title":{"rendered":"Mindent bele! &#8211; Nat\u00far bor v\u00e1logat\u00e1s"},"content":{"rendered":"<p>Neh\u00e9z a k\u00e9rd\u00e9s, hogy melyiket prefer\u00e1ljuk. K\u00f3stold meg mindet!<\/p>\n<p>A 3 borunkat \u00f6sszeraktuk egy csomagba, hogy k\u00f6nnyen eld\u00f6nthesd, melyik lesz a kedvenced! Az egyes borokr\u00f3l m\u00e9g t\u00f6bb inform\u00e1ci\u00f3t azok aloldal\u00e1n tal\u00e1lsz!<\/p>\n<p><em>1 \u00fcveg 423 &#8211; Sauvignon Blanc sz\u00e1raz feh\u00e9rbor \u2022 750 ml \u2022 13,3%<br \/>\n1 \u00fcveg 123 &#8211; Olasz R<\/em><em>izling sz\u00e1raz feh\u00e9rbor \u2022 750 ml \u2022 10,6%<br \/>\n1 \u00fcveg 623 &#8211; Pinot Noir sz\u00e1raz v\u00f6r\u00f6sbor \u2022 750 ml \u2022 11,9%<\/em><\/p>","protected":false},"excerpt":{"rendered":"<p>Neh\u00e9z a k\u00e9rd\u00e9s, hogy melyiket prefer\u00e1ljuk. K\u00f3stold meg mindet! A 3 borunkat \u00f6sszeraktuk egy csomagba, hogy k\u00f6nnyen eld\u00f6nthesd, melyik lesz a kedvenced! Az egyes borokr\u00f3l m\u00e9g t\u00f6bb inform\u00e1ci\u00f3t azok aloldal\u00e1n tal\u00e1lsz! 1 \u00fcveg 423 &#8211; Sauvignon Blanc sz\u00e1raz feh\u00e9rbor \u2022 750 ml \u2022 13,3% 1 \u00fcveg 123 &#8211; Olasz Rizling sz\u00e1raz feh\u00e9rbor \u2022 750 ml [&hellip;]<\/p>","protected":false},"featured_media":713,"comment_status":"closed","ping_status":"closed","template":"","meta":[],"product_cat":[27],"product_tag":[],"class_list":{"0":"post-712","1":"product","2":"type-product","3":"status-publish","4":"has-post-thumbnail","6":"product_cat-2023-as-palackozas","8":"first","9":"instock","10":"shipping-taxable","11":"purchasable","12":"product-type-simple"},"yoast_head":"<!-- This site is optimized with the Yoast SEO plugin v24.0 - https:\/\/yoast.com\/wordpress\/plugins\/seo\/ -->\n<title>Mindent bele! - Nat\u00far boraink egy csomagban - BRN<\/title>\n<meta name=\"description\" content=\"Ismerd meg a BRN nat\u00far borait, \u00e9ld \u00e1t mindh\u00e1rom nat\u00far borunk ny\u00fajtotta \u00e9lm\u00e9nyt csomagaj\u00e1nlatunkon kereszt\u00fcl. A Balaton-felvid\u00e9k \u00edzei a palackban.\" \/>\n<meta name=\"robots\" content=\"index, follow, max-snippet:-1, max-image-preview:large, max-video-preview:-1\" \/>\n<link rel=\"canonical\" href=\"https:\/\/brn.hu\/en\/product\/mindentbele\/\" \/>\n<meta property=\"og:locale\" content=\"en_GB\" \/>\n<meta property=\"og:type\" content=\"article\" \/>\n<meta property=\"og:title\" content=\"Mindent bele! - Nat\u00far boraink egy csomagban - BRN\" \/>\n<meta property=\"og:description\" content=\"Ismerd meg a BRN nat\u00far borait, \u00e9ld \u00e1t mindh\u00e1rom nat\u00far borunk ny\u00fajtotta \u00e9lm\u00e9nyt csomagaj\u00e1nlatunkon kereszt\u00fcl. A Balaton-felvid\u00e9k \u00edzei a palackban.\" \/>\n<meta property=\"og:url\" content=\"https:\/\/brn.hu\/en\/product\/mindentbele\/\" \/>\n<meta property=\"og:site_name\" content=\"BRN\" \/>\n<meta property=\"article:modified_time\" content=\"2025-02-05T09:44:11+00:00\" \/>\n<meta property=\"og:image\" content=\"https:\/\/brn.hu\/wp-content\/uploads\/2024\/12\/all.jpg\" \/>\n\t<meta property=\"og:image:width\" content=\"1210\" \/>\n\t<meta property=\"og:image:height\" content=\"1210\" \/>\n\t<meta property=\"og:image:type\" content=\"image\/jpeg\" \/>\n<meta name=\"twitter:card\" content=\"summary_large_image\" \/>\n<meta name=\"twitter:label1\" content=\"Estimated reading time\" \/>\n\t<meta name=\"twitter:data1\" content=\"1 minute\" \/>\n<script type=\"application\/ld+json\" class=\"yoast-schema-graph\">{\"@context\":\"https:\/\/schema.org\",\"@graph\":[{\"@type\":\"WebPage\",\"@id\":\"https:\/\/brn.hu\/termek\/mindentbele\/\",\"url\":\"https:\/\/brn.hu\/termek\/mindentbele\/\",\"name\":\"Mindent bele! - Nat\u00far boraink egy csomagban - BRN\",\"isPartOf\":{\"@id\":\"https:\/\/brn.hu\/#website\"},\"primaryImageOfPage\":{\"@id\":\"https:\/\/brn.hu\/termek\/mindentbele\/#primaryimage\"},\"image\":{\"@id\":\"https:\/\/brn.hu\/termek\/mindentbele\/#primaryimage\"},\"thumbnailUrl\":\"https:\/\/brn.hu\/wp-content\/uploads\/2024\/12\/all.jpg\",\"datePublished\":\"2024-12-17T19:43:55+00:00\",\"dateModified\":\"2025-02-05T09:44:11+00:00\",\"description\":\"Ismerd meg a BRN nat\u00far borait, \u00e9ld \u00e1t mindh\u00e1rom nat\u00far borunk ny\u00fajtotta \u00e9lm\u00e9nyt csomagaj\u00e1nlatunkon kereszt\u00fcl. A Balaton-felvid\u00e9k \u00edzei a palackban.\",\"breadcrumb\":{\"@id\":\"https:\/\/brn.hu\/termek\/mindentbele\/#breadcrumb\"},\"inLanguage\":\"en-GB\",\"potentialAction\":[{\"@type\":\"ReadAction\",\"target\":[\"https:\/\/brn.hu\/termek\/mindentbele\/\"]}]},{\"@type\":\"ImageObject\",\"inLanguage\":\"en-GB\",\"@id\":\"https:\/\/brn.hu\/termek\/mindentbele\/#primaryimage\",\"url\":\"https:\/\/brn.hu\/wp-content\/uploads\/2024\/12\/all.jpg\",\"contentUrl\":\"https:\/\/brn.hu\/wp-content\/uploads\/2024\/12\/all.jpg\",\"width\":1210,\"height\":1210,\"caption\":\"Mindent bele\"},{\"@type\":\"BreadcrumbList\",\"@id\":\"https:\/\/brn.hu\/termek\/mindentbele\/#breadcrumb\",\"itemListElement\":[{\"@type\":\"ListItem\",\"position\":1,\"name\":\"Kezd\u0151lap\",\"item\":\"https:\/\/brn.hu\/\"},{\"@type\":\"ListItem\",\"position\":2,\"name\":\"Bolt\",\"item\":\"https:\/\/brn.hu\/bolt\/\"},{\"@type\":\"ListItem\",\"position\":3,\"name\":\"Mindent bele! &#8211; Nat\u00far bor v\u00e1logat\u00e1s\"}]},{\"@type\":\"WebSite\",\"@id\":\"https:\/\/brn.hu\/#website\",\"url\":\"https:\/\/brn.hu\/\",\"name\":\"BRN\",\"description\":\"\",\"publisher\":{\"@id\":\"https:\/\/brn.hu\/#organization\"},\"potentialAction\":[{\"@type\":\"SearchAction\",\"target\":{\"@type\":\"EntryPoint\",\"urlTemplate\":\"https:\/\/brn.hu\/?s={search_term_string}\"},\"query-input\":{\"@type\":\"PropertyValueSpecification\",\"valueRequired\":true,\"valueName\":\"search_term_string\"}}],\"inLanguage\":\"en-GB\"},{\"@type\":\"Organization\",\"@id\":\"https:\/\/brn.hu\/#organization\",\"name\":\"BRN\",\"url\":\"https:\/\/brn.hu\/\",\"logo\":{\"@type\":\"ImageObject\",\"inLanguage\":\"en-GB\",\"@id\":\"https:\/\/brn.hu\/#\/schema\/logo\/image\/\",\"url\":\"https:\/\/brn.hu\/wp-content\/uploads\/2024\/08\/brn-logo.png\",\"contentUrl\":\"https:\/\/brn.hu\/wp-content\/uploads\/2024\/08\/brn-logo.png\",\"width\":251,\"height\":113,\"caption\":\"BRN\"},\"image\":{\"@id\":\"https:\/\/brn.hu\/#\/schema\/logo\/image\/\"}}]}<\/script>\n<!-- \/ Yoast SEO plugin. -->","yoast_head_json":{"title":"Mindent bele! - Nat\u00far boraink egy csomagban - BRN","description":"Ismerd meg a BRN nat\u00far borait, \u00e9ld \u00e1t mindh\u00e1rom nat\u00far borunk ny\u00fajtotta \u00e9lm\u00e9nyt csomagaj\u00e1nlatunkon kereszt\u00fcl. A Balaton-felvid\u00e9k \u00edzei a palackban.","robots":{"index":"index","follow":"follow","max-snippet":"max-snippet:-1","max-image-preview":"max-image-preview:large","max-video-preview":"max-video-preview:-1"},"canonical":"https:\/\/brn.hu\/en\/product\/mindentbele\/","og_locale":"en_GB","og_type":"article","og_title":"Mindent bele! - Nat\u00far boraink egy csomagban - BRN","og_description":"Ismerd meg a BRN nat\u00far borait, \u00e9ld \u00e1t mindh\u00e1rom nat\u00far borunk ny\u00fajtotta \u00e9lm\u00e9nyt csomagaj\u00e1nlatunkon kereszt\u00fcl. A Balaton-felvid\u00e9k \u00edzei a palackban.","og_url":"https:\/\/brn.hu\/en\/product\/mindentbele\/","og_site_name":"BRN","article_modified_time":"2025-02-05T09:44:11+00:00","og_image":[{"width":1210,"height":1210,"url":"https:\/\/brn.hu\/wp-content\/uploads\/2024\/12\/all.jpg","type":"image\/jpeg"}],"twitter_card":"summary_large_image","twitter_misc":{"Estimated reading time":"1 minute"},"schema":{"@context":"https:\/\/schema.org","@graph":[{"@type":"WebPage","@id":"https:\/\/brn.hu\/termek\/mindentbele\/","url":"https:\/\/brn.hu\/termek\/mindentbele\/","name":"Mindent bele! - Nat\u00far boraink egy csomagban - BRN","isPartOf":{"@id":"https:\/\/brn.hu\/#website"},"primaryImageOfPage":{"@id":"https:\/\/brn.hu\/termek\/mindentbele\/#primaryimage"},"image":{"@id":"https:\/\/brn.hu\/termek\/mindentbele\/#primaryimage"},"thumbnailUrl":"https:\/\/brn.hu\/wp-content\/uploads\/2024\/12\/all.jpg","datePublished":"2024-12-17T19:43:55+00:00","dateModified":"2025-02-05T09:44:11+00:00","description":"Ismerd meg a BRN nat\u00far borait, \u00e9ld \u00e1t mindh\u00e1rom nat\u00far borunk ny\u00fajtotta \u00e9lm\u00e9nyt csomagaj\u00e1nlatunkon kereszt\u00fcl. A Balaton-felvid\u00e9k \u00edzei a palackban.","breadcrumb":{"@id":"https:\/\/brn.hu\/termek\/mindentbele\/#breadcrumb"},"inLanguage":"en-GB","potentialAction":[{"@type":"ReadAction","target":["https:\/\/brn.hu\/termek\/mindentbele\/"]}]},{"@type":"ImageObject","inLanguage":"en-GB","@id":"https:\/\/brn.hu\/termek\/mindentbele\/#primaryimage","url":"https:\/\/brn.hu\/wp-content\/uploads\/2024\/12\/all.jpg","contentUrl":"https:\/\/brn.hu\/wp-content\/uploads\/2024\/12\/all.jpg","width":1210,"height":1210,"caption":"Mindent bele"},{"@type":"BreadcrumbList","@id":"https:\/\/brn.hu\/termek\/mindentbele\/#breadcrumb","itemListElement":[{"@type":"ListItem","position":1,"name":"Kezd\u0151lap","item":"https:\/\/brn.hu\/"},{"@type":"ListItem","position":2,"name":"Bolt","item":"https:\/\/brn.hu\/bolt\/"},{"@type":"ListItem","position":3,"name":"Mindent bele! &#8211; Nat\u00far bor v\u00e1logat\u00e1s"}]},{"@type":"WebSite","@id":"https:\/\/brn.hu\/#website","url":"https:\/\/brn.hu\/","name":"BRN","description":"","publisher":{"@id":"https:\/\/brn.hu\/#organization"},"potentialAction":[{"@type":"SearchAction","target":{"@type":"EntryPoint","urlTemplate":"https:\/\/brn.hu\/?s={search_term_string}"},"query-input":{"@type":"PropertyValueSpecification","valueRequired":true,"valueName":"search_term_string"}}],"inLanguage":"en-GB"},{"@type":"Organization","@id":"https:\/\/brn.hu\/#organization","name":"BRN","url":"https:\/\/brn.hu\/","logo":{"@type":"ImageObject","inLanguage":"en-GB","@id":"https:\/\/brn.hu\/#\/schema\/logo\/image\/","url":"https:\/\/brn.hu\/wp-content\/uploads\/2024\/08\/brn-logo.png","contentUrl":"https:\/\/brn.hu\/wp-content\/uploads\/2024\/08\/brn-logo.png","width":251,"height":113,"caption":"BRN"},"image":{"@id":"https:\/\/brn.hu\/#\/schema\/logo\/image\/"}}]}},"_links":{"self":[{"href":"https:\/\/brn.hu\/en\/wp-json\/wp\/v2\/product\/712","targetHints":{"allow":["GET"]}}],"collection":[{"href":"https:\/\/brn.hu\/en\/wp-json\/wp\/v2\/product"}],"about":[{"href":"https:\/\/brn.hu\/en\/wp-json\/wp\/v2\/types\/product"}],"replies":[{"embeddable":true,"href":"https:\/\/brn.hu\/en\/wp-json\/wp\/v2\/comments?post=712"}],"wp:featuredmedia":[{"embeddable":true,"href":"https:\/\/brn.hu\/en\/wp-json\/wp\/v2\/media\/713"}],"wp:attachment":[{"href":"https:\/\/brn.hu\/en\/wp-json\/wp\/v2\/media?parent=712"}],"wp:term":[{"taxonomy":"product_cat","embeddable":true,"href":"https:\/\/brn.hu\/en\/wp-json\/wp\/v2\/product_cat?post=712"},{"taxonomy":"product_tag","embeddable":true,"href":"https:\/\/brn.hu\/en\/wp-json\/wp\/v2\/product_tag?post=712"}],"curies":[{"name":"wp","href":"https:\/\/api.w.org\/{rel}","templated":true}]}}