{"id":305,"date":"2024-08-13T14:53:13","date_gmt":"2024-08-13T12:53:13","guid":{"rendered":"https:\/\/brn.hu\/?post_type=product&#038;p=305"},"modified":"2025-02-05T15:56:56","modified_gmt":"2025-02-05T14:56:56","slug":"brn623","status":"publish","type":"product","link":"https:\/\/brn.hu\/en\/product\/brn623\/","title":{"rendered":"623 &#8211; Nat\u00far Pinot Noir"},"content":{"rendered":"","protected":false},"excerpt":{"rendered":"<h2>BRN 623: Nat\u00far Pinot Noir a Szent Gy\u00f6rgy-hegyr\u0151l.<\/h2>\n<p>B\u00e1rsonyos elegancia \u00e9s gy\u00fcm\u00f6lcs\u00f6s harm\u00f3nia a Szent Gy\u00f6rgy-hegyr\u0151l. A Pinot Noir sz\u0151l\u0151je itt, a Badacsony l\u00e1b\u00e1n\u00e1l, v\u00e9gtelen nyugalomban \u00e9s harm\u00f3ni\u00e1ban fejl\u0151d\u00f6tt. Nyugalmukat csak a szomsz\u00e9dban szaladg\u00e1l\u00f3 lovak zavarhatj\u00e1k meg. K\u00e9zi sz\u00fcret ut\u00e1n k\u00e9t \u00e9vig hord\u00f3ban, egy \u00e9vig palackban pihent. K\u00f6nnyed, m\u00e9gis karakteres \u2013 ahogy a term\u00e9szet meg\u00e1lmodta.<\/p>\n<p>A Pinot Noir egyik legizgalmasabb tulajdons\u00e1ga, hogy minden apr\u00f3 v\u00e1ltoz\u00e1st visszat\u00fckr\u00f6z a term\u0151ter\u00fcletb\u0151l, ahol nevelkedik. A BRN Pinot Noir egyed\u00fcl\u00e1ll\u00f3 m\u00f3don \u00f6tv\u00f6zi a vulkanikus talaj m\u00e9lys\u00e9g\u00e9t, a term\u00e9szetes bork\u00e9sz\u00edt\u00e9s szabads\u00e1g\u00e1t \u00e9s a fajta l\u00e9gies eleganci\u00e1j\u00e1t. Minden poh\u00e1r egy \u00faj felfedez\u00e9s, ahol a gy\u00fcm\u00f6lcs\u00f6s jegyek b\u00e1rsonyos text\u00far\u00e1val fon\u00f3dnak \u00f6ssze. Tiszta bor, tiszta \u00e9lvezet.<\/p>\n<p><strong>Nat\u00far bor &#8211; nem adtunk hozz\u00e1 semmit, nem vett\u00fcnk el bel\u0151le semmit. Csak a sz\u0151l\u0151 maga.<\/strong><\/p>\n<p><strong>Eg\u00e9szs\u00e9gedre!<\/strong><\/p>\n<p><em>sz\u00e1raz v\u00f6r\u00f6sbor \u2022 750 ml \u2022 11,9%<\/em><\/p>","protected":false},"featured_media":635,"comment_status":"closed","ping_status":"closed","template":"","meta":[],"product_cat":[27],"product_tag":[],"class_list":{"0":"post-305","1":"product","2":"type-product","3":"status-publish","4":"has-post-thumbnail","6":"product_cat-2023-as-palackozas","8":"first","9":"instock","10":"sold-individually","11":"shipping-taxable","12":"purchasable","13":"product-type-simple"},"yoast_head":"<!-- This site is optimized with the Yoast SEO plugin v24.0 - https:\/\/yoast.com\/wordpress\/plugins\/seo\/ -->\n<title>623 - Pinot Noir nat\u00far bor a Szent Gy\u00f6rgy-hegyr\u0151l - BRN<\/title>\n<meta name=\"description\" content=\"623-as Pinot Noir nat\u00far bor, melyet 2022-ben k\u00e9zzel sz\u00fcretelt\u00fcnk, egy \u00e9vig magyar \u00e9s francia hord\u00f3kban \u00e9rlelt\u00fcnk, majd egy \u00fajabb \u00e9vet pihent palackban.\" \/>\n<meta name=\"robots\" content=\"index, follow, max-snippet:-1, max-image-preview:large, max-video-preview:-1\" \/>\n<link rel=\"canonical\" href=\"https:\/\/brn.hu\/en\/product\/brn623\/\" \/>\n<meta property=\"og:locale\" content=\"en_GB\" \/>\n<meta property=\"og:type\" content=\"article\" \/>\n<meta property=\"og:title\" content=\"623 - Pinot Noir nat\u00far bor a Szent Gy\u00f6rgy-hegyr\u0151l - BRN\" \/>\n<meta property=\"og:description\" content=\"623-as Pinot Noir nat\u00far bor, melyet 2022-ben k\u00e9zzel sz\u00fcretelt\u00fcnk, egy \u00e9vig magyar \u00e9s francia hord\u00f3kban \u00e9rlelt\u00fcnk, majd egy \u00fajabb \u00e9vet pihent palackban.\" \/>\n<meta property=\"og:url\" content=\"https:\/\/brn.hu\/en\/product\/brn623\/\" \/>\n<meta property=\"og:site_name\" content=\"BRN\" \/>\n<meta property=\"article:modified_time\" content=\"2025-02-05T14:56:56+00:00\" \/>\n<meta property=\"og:image\" content=\"https:\/\/brn.hu\/wp-content\/uploads\/2024\/08\/623.jpg\" \/>\n\t<meta property=\"og:image:width\" content=\"1210\" \/>\n\t<meta property=\"og:image:height\" content=\"1210\" \/>\n\t<meta property=\"og:image:type\" content=\"image\/jpeg\" \/>\n<meta name=\"twitter:card\" content=\"summary_large_image\" \/>\n<meta name=\"twitter:label1\" content=\"Estimated reading time\" \/>\n\t<meta name=\"twitter:data1\" content=\"1 minute\" \/>\n<script type=\"application\/ld+json\" class=\"yoast-schema-graph\">{\"@context\":\"https:\/\/schema.org\",\"@graph\":[{\"@type\":\"WebPage\",\"@id\":\"https:\/\/brn.hu\/termek\/brn623\/\",\"url\":\"https:\/\/brn.hu\/termek\/brn623\/\",\"name\":\"623 - Pinot Noir nat\u00far bor a Szent Gy\u00f6rgy-hegyr\u0151l - BRN\",\"isPartOf\":{\"@id\":\"https:\/\/brn.hu\/#website\"},\"primaryImageOfPage\":{\"@id\":\"https:\/\/brn.hu\/termek\/brn623\/#primaryimage\"},\"image\":{\"@id\":\"https:\/\/brn.hu\/termek\/brn623\/#primaryimage\"},\"thumbnailUrl\":\"https:\/\/brn.hu\/wp-content\/uploads\/2024\/08\/623.jpg\",\"datePublished\":\"2024-08-13T12:53:13+00:00\",\"dateModified\":\"2025-02-05T14:56:56+00:00\",\"description\":\"623-as Pinot Noir nat\u00far bor, melyet 2022-ben k\u00e9zzel sz\u00fcretelt\u00fcnk, egy \u00e9vig magyar \u00e9s francia hord\u00f3kban \u00e9rlelt\u00fcnk, majd egy \u00fajabb \u00e9vet pihent palackban.\",\"breadcrumb\":{\"@id\":\"https:\/\/brn.hu\/termek\/brn623\/#breadcrumb\"},\"inLanguage\":\"en-GB\",\"potentialAction\":[{\"@type\":\"ReadAction\",\"target\":[\"https:\/\/brn.hu\/termek\/brn623\/\"]}]},{\"@type\":\"ImageObject\",\"inLanguage\":\"en-GB\",\"@id\":\"https:\/\/brn.hu\/termek\/brn623\/#primaryimage\",\"url\":\"https:\/\/brn.hu\/wp-content\/uploads\/2024\/08\/623.jpg\",\"contentUrl\":\"https:\/\/brn.hu\/wp-content\/uploads\/2024\/08\/623.jpg\",\"width\":1210,\"height\":1210},{\"@type\":\"BreadcrumbList\",\"@id\":\"https:\/\/brn.hu\/termek\/brn623\/#breadcrumb\",\"itemListElement\":[{\"@type\":\"ListItem\",\"position\":1,\"name\":\"Kezd\u0151lap\",\"item\":\"https:\/\/brn.hu\/\"},{\"@type\":\"ListItem\",\"position\":2,\"name\":\"Bolt\",\"item\":\"https:\/\/brn.hu\/bolt\/\"},{\"@type\":\"ListItem\",\"position\":3,\"name\":\"623 &#8211; Nat\u00far Pinot Noir\"}]},{\"@type\":\"WebSite\",\"@id\":\"https:\/\/brn.hu\/#website\",\"url\":\"https:\/\/brn.hu\/\",\"name\":\"BRN\",\"description\":\"\",\"publisher\":{\"@id\":\"https:\/\/brn.hu\/#organization\"},\"potentialAction\":[{\"@type\":\"SearchAction\",\"target\":{\"@type\":\"EntryPoint\",\"urlTemplate\":\"https:\/\/brn.hu\/?s={search_term_string}\"},\"query-input\":{\"@type\":\"PropertyValueSpecification\",\"valueRequired\":true,\"valueName\":\"search_term_string\"}}],\"inLanguage\":\"en-GB\"},{\"@type\":\"Organization\",\"@id\":\"https:\/\/brn.hu\/#organization\",\"name\":\"BRN\",\"url\":\"https:\/\/brn.hu\/\",\"logo\":{\"@type\":\"ImageObject\",\"inLanguage\":\"en-GB\",\"@id\":\"https:\/\/brn.hu\/#\/schema\/logo\/image\/\",\"url\":\"https:\/\/brn.hu\/wp-content\/uploads\/2024\/08\/brn-logo.png\",\"contentUrl\":\"https:\/\/brn.hu\/wp-content\/uploads\/2024\/08\/brn-logo.png\",\"width\":251,\"height\":113,\"caption\":\"BRN\"},\"image\":{\"@id\":\"https:\/\/brn.hu\/#\/schema\/logo\/image\/\"}}]}<\/script>\n<!-- \/ Yoast SEO plugin. -->","yoast_head_json":{"title":"623 - Pinot Noir nat\u00far bor a Szent Gy\u00f6rgy-hegyr\u0151l - BRN","description":"623-as Pinot Noir nat\u00far bor, melyet 2022-ben k\u00e9zzel sz\u00fcretelt\u00fcnk, egy \u00e9vig magyar \u00e9s francia hord\u00f3kban \u00e9rlelt\u00fcnk, majd egy \u00fajabb \u00e9vet pihent palackban.","robots":{"index":"index","follow":"follow","max-snippet":"max-snippet:-1","max-image-preview":"max-image-preview:large","max-video-preview":"max-video-preview:-1"},"canonical":"https:\/\/brn.hu\/en\/product\/brn623\/","og_locale":"en_GB","og_type":"article","og_title":"623 - Pinot Noir nat\u00far bor a Szent Gy\u00f6rgy-hegyr\u0151l - BRN","og_description":"623-as Pinot Noir nat\u00far bor, melyet 2022-ben k\u00e9zzel sz\u00fcretelt\u00fcnk, egy \u00e9vig magyar \u00e9s francia hord\u00f3kban \u00e9rlelt\u00fcnk, majd egy \u00fajabb \u00e9vet pihent palackban.","og_url":"https:\/\/brn.hu\/en\/product\/brn623\/","og_site_name":"BRN","article_modified_time":"2025-02-05T14:56:56+00:00","og_image":[{"width":1210,"height":1210,"url":"https:\/\/brn.hu\/wp-content\/uploads\/2024\/08\/623.jpg","type":"image\/jpeg"}],"twitter_card":"summary_large_image","twitter_misc":{"Estimated reading time":"1 minute"},"schema":{"@context":"https:\/\/schema.org","@graph":[{"@type":"WebPage","@id":"https:\/\/brn.hu\/termek\/brn623\/","url":"https:\/\/brn.hu\/termek\/brn623\/","name":"623 - Pinot Noir nat\u00far bor a Szent Gy\u00f6rgy-hegyr\u0151l - BRN","isPartOf":{"@id":"https:\/\/brn.hu\/#website"},"primaryImageOfPage":{"@id":"https:\/\/brn.hu\/termek\/brn623\/#primaryimage"},"image":{"@id":"https:\/\/brn.hu\/termek\/brn623\/#primaryimage"},"thumbnailUrl":"https:\/\/brn.hu\/wp-content\/uploads\/2024\/08\/623.jpg","datePublished":"2024-08-13T12:53:13+00:00","dateModified":"2025-02-05T14:56:56+00:00","description":"623-as Pinot Noir nat\u00far bor, melyet 2022-ben k\u00e9zzel sz\u00fcretelt\u00fcnk, egy \u00e9vig magyar \u00e9s francia hord\u00f3kban \u00e9rlelt\u00fcnk, majd egy \u00fajabb \u00e9vet pihent palackban.","breadcrumb":{"@id":"https:\/\/brn.hu\/termek\/brn623\/#breadcrumb"},"inLanguage":"en-GB","potentialAction":[{"@type":"ReadAction","target":["https:\/\/brn.hu\/termek\/brn623\/"]}]},{"@type":"ImageObject","inLanguage":"en-GB","@id":"https:\/\/brn.hu\/termek\/brn623\/#primaryimage","url":"https:\/\/brn.hu\/wp-content\/uploads\/2024\/08\/623.jpg","contentUrl":"https:\/\/brn.hu\/wp-content\/uploads\/2024\/08\/623.jpg","width":1210,"height":1210},{"@type":"BreadcrumbList","@id":"https:\/\/brn.hu\/termek\/brn623\/#breadcrumb","itemListElement":[{"@type":"ListItem","position":1,"name":"Kezd\u0151lap","item":"https:\/\/brn.hu\/"},{"@type":"ListItem","position":2,"name":"Bolt","item":"https:\/\/brn.hu\/bolt\/"},{"@type":"ListItem","position":3,"name":"623 &#8211; Nat\u00far Pinot Noir"}]},{"@type":"WebSite","@id":"https:\/\/brn.hu\/#website","url":"https:\/\/brn.hu\/","name":"BRN","description":"","publisher":{"@id":"https:\/\/brn.hu\/#organization"},"potentialAction":[{"@type":"SearchAction","target":{"@type":"EntryPoint","urlTemplate":"https:\/\/brn.hu\/?s={search_term_string}"},"query-input":{"@type":"PropertyValueSpecification","valueRequired":true,"valueName":"search_term_string"}}],"inLanguage":"en-GB"},{"@type":"Organization","@id":"https:\/\/brn.hu\/#organization","name":"BRN","url":"https:\/\/brn.hu\/","logo":{"@type":"ImageObject","inLanguage":"en-GB","@id":"https:\/\/brn.hu\/#\/schema\/logo\/image\/","url":"https:\/\/brn.hu\/wp-content\/uploads\/2024\/08\/brn-logo.png","contentUrl":"https:\/\/brn.hu\/wp-content\/uploads\/2024\/08\/brn-logo.png","width":251,"height":113,"caption":"BRN"},"image":{"@id":"https:\/\/brn.hu\/#\/schema\/logo\/image\/"}}]}},"_links":{"self":[{"href":"https:\/\/brn.hu\/en\/wp-json\/wp\/v2\/product\/305","targetHints":{"allow":["GET"]}}],"collection":[{"href":"https:\/\/brn.hu\/en\/wp-json\/wp\/v2\/product"}],"about":[{"href":"https:\/\/brn.hu\/en\/wp-json\/wp\/v2\/types\/product"}],"replies":[{"embeddable":true,"href":"https:\/\/brn.hu\/en\/wp-json\/wp\/v2\/comments?post=305"}],"wp:featuredmedia":[{"embeddable":true,"href":"https:\/\/brn.hu\/en\/wp-json\/wp\/v2\/media\/635"}],"wp:attachment":[{"href":"https:\/\/brn.hu\/en\/wp-json\/wp\/v2\/media?parent=305"}],"wp:term":[{"taxonomy":"product_cat","embeddable":true,"href":"https:\/\/brn.hu\/en\/wp-json\/wp\/v2\/product_cat?post=305"},{"taxonomy":"product_tag","embeddable":true,"href":"https:\/\/brn.hu\/en\/wp-json\/wp\/v2\/product_tag?post=305"}],"curies":[{"name":"wp","href":"https:\/\/api.w.org\/{rel}","templated":true}]}}