{"id":89,"date":"2024-08-12T15:32:53","date_gmt":"2024-08-12T13:32:53","guid":{"rendered":"https:\/\/brn.hu\/?page_id=89"},"modified":"2024-08-14T06:47:21","modified_gmt":"2024-08-14T04:47:21","slug":"kosar","status":"publish","type":"page","link":"https:\/\/brn.hu\/en\/kosar\/","title":{"rendered":"Kos\u00e1r"},"content":{"rendered":"<div data-elementor-type=\"wp-page\" data-elementor-id=\"89\" class=\"elementor elementor-89\" data-elementor-post-type=\"page\">\n\t\t\t\t<div class=\"elementor-element elementor-element-5d17e05 e-flex e-con-boxed e-con e-parent\" data-id=\"5d17e05\" data-element_type=\"container\">\n\t\t\t\t\t<div class=\"e-con-inner\">\n\t\t\t\t<div class=\"elementor-element elementor-element-28e6924 elementor-widget-divider--view-line elementor-widget elementor-widget-divider\" data-id=\"28e6924\" data-element_type=\"widget\" data-widget_type=\"divider.default\">\n\t\t\t\t<div class=\"elementor-widget-container\">\n\t\t\t<style>\/*! elementor - v3.23.0 - 05-08-2024 *\/\n.elementor-widget-divider{--divider-border-style:none;--divider-border-width:1px;--divider-color:#0c0d0e;--divider-icon-size:20px;--divider-element-spacing:10px;--divider-pattern-height:24px;--divider-pattern-size:20px;--divider-pattern-url:none;--divider-pattern-repeat:repeat-x}.elementor-widget-divider .elementor-divider{display:flex}.elementor-widget-divider .elementor-divider__text{font-size:15px;line-height:1;max-width:95%}.elementor-widget-divider .elementor-divider__element{margin:0 var(--divider-element-spacing);flex-shrink:0}.elementor-widget-divider .elementor-icon{font-size:var(--divider-icon-size)}.elementor-widget-divider .elementor-divider-separator{display:flex;margin:0;direction:ltr}.elementor-widget-divider--view-line_icon .elementor-divider-separator,.elementor-widget-divider--view-line_text .elementor-divider-separator{align-items:center}.elementor-widget-divider--view-line_icon .elementor-divider-separator:after,.elementor-widget-divider--view-line_icon .elementor-divider-separator:before,.elementor-widget-divider--view-line_text .elementor-divider-separator:after,.elementor-widget-divider--view-line_text .elementor-divider-separator:before{display:block;content:\"\";border-block-end:0;flex-grow:1;border-block-start:var(--divider-border-width) var(--divider-border-style) var(--divider-color)}.elementor-widget-divider--element-align-left .elementor-divider .elementor-divider-separator>.elementor-divider__svg:first-of-type{flex-grow:0;flex-shrink:100}.elementor-widget-divider--element-align-left .elementor-divider-separator:before{content:none}.elementor-widget-divider--element-align-left .elementor-divider__element{margin-left:0}.elementor-widget-divider--element-align-right .elementor-divider .elementor-divider-separator>.elementor-divider__svg:last-of-type{flex-grow:0;flex-shrink:100}.elementor-widget-divider--element-align-right .elementor-divider-separator:after{content:none}.elementor-widget-divider--element-align-right .elementor-divider__element{margin-right:0}.elementor-widget-divider--element-align-start .elementor-divider .elementor-divider-separator>.elementor-divider__svg:first-of-type{flex-grow:0;flex-shrink:100}.elementor-widget-divider--element-align-start .elementor-divider-separator:before{content:none}.elementor-widget-divider--element-align-start .elementor-divider__element{margin-inline-start:0}.elementor-widget-divider--element-align-end .elementor-divider .elementor-divider-separator>.elementor-divider__svg:last-of-type{flex-grow:0;flex-shrink:100}.elementor-widget-divider--element-align-end .elementor-divider-separator:after{content:none}.elementor-widget-divider--element-align-end .elementor-divider__element{margin-inline-end:0}.elementor-widget-divider:not(.elementor-widget-divider--view-line_text):not(.elementor-widget-divider--view-line_icon) .elementor-divider-separator{border-block-start:var(--divider-border-width) var(--divider-border-style) var(--divider-color)}.elementor-widget-divider--separator-type-pattern{--divider-border-style:none}.elementor-widget-divider--separator-type-pattern.elementor-widget-divider--view-line .elementor-divider-separator,.elementor-widget-divider--separator-type-pattern:not(.elementor-widget-divider--view-line) .elementor-divider-separator:after,.elementor-widget-divider--separator-type-pattern:not(.elementor-widget-divider--view-line) .elementor-divider-separator:before,.elementor-widget-divider--separator-type-pattern:not([class*=elementor-widget-divider--view]) .elementor-divider-separator{width:100%;min-height:var(--divider-pattern-height);-webkit-mask-size:var(--divider-pattern-size) 100%;mask-size:var(--divider-pattern-size) 100%;-webkit-mask-repeat:var(--divider-pattern-repeat);mask-repeat:var(--divider-pattern-repeat);background-color:var(--divider-color);-webkit-mask-image:var(--divider-pattern-url);mask-image:var(--divider-pattern-url)}.elementor-widget-divider--no-spacing{--divider-pattern-size:auto}.elementor-widget-divider--bg-round{--divider-pattern-repeat:round}.rtl .elementor-widget-divider .elementor-divider__text{direction:rtl}.e-con-inner>.elementor-widget-divider,.e-con>.elementor-widget-divider{width:var(--container-widget-width,100%);--flex-grow:var(--container-widget-flex-grow)}<\/style>\t\t<div class=\"elementor-divider\">\n\t\t\t<span class=\"elementor-divider-separator\">\n\t\t\t\t\t\t<\/span>\n\t\t<\/div>\n\t\t\t\t<\/div>\n\t\t\t\t<\/div>\n\t\t\t\t\t<\/div>\n\t\t\t\t<\/div>\n\t\t<div class=\"elementor-element elementor-element-9dff6bc e-flex e-con-boxed e-con e-parent\" data-id=\"9dff6bc\" data-element_type=\"container\">\n\t\t\t\t\t<div class=\"e-con-inner\">\n\t\t\t\t\t<\/div>\n\t\t\t\t<\/div>\n\t\t\t\t<\/div>","protected":false},"excerpt":{"rendered":"<p>T\u00e9tel t\u00f6rl\u00e9se B\u00e9lyegk\u00e9p Term\u00e9k \u00c1r Mennyis\u00e9g R\u00e9sz\u00f6sszeg &times; Minta Term\u00e9k 1 10000&nbsp;&#70;&#116; Minta Term\u00e9k 1 mennyis\u00e9g 30000&nbsp;&#70;&#116; Kos\u00e1r friss\u00edt\u00e9se Kedvezm\u00e9ny bev\u00e1lt\u00e1sa Kos\u00e1r \u00f6sszesen R\u00e9sz\u00f6sszeg 30000&nbsp;&#70;&#116; Sz\u00e1ll\u00edt\u00e1s Teszt sz\u00e1ll\u00edt\u00e1s: 2000&nbsp;&#70;&#116; Teszt sz\u00e1ll\u00edt\u00e1s 2: 1500&nbsp;&#70;&#116; A sz\u00e1ll\u00edt\u00e1si m\u00f3dok friss\u00edtve lesznek a p\u00e9nzt\u00e1r oldalon. Sz\u00e1ll\u00edt\u00e1si d\u00edj kisz\u00e1m\u00edt\u00e1sa Orsz\u00e1g \/ r\u00e9gi\u00f3: V\u00e1lassz egy orsz\u00e1g\/r\u00e9gi\u00f3t&hellip;Afganiszt\u00e1n\u00c5land-szigetekAlb\u00e1niaAlg\u00e9riaAmerikai Egyes\u00fclt \u00c1llamokAmerikai Egyes\u00fclt \u00c1llamok lakatlan [&hellip;]<\/p>","protected":false},"author":1,"featured_media":0,"parent":0,"menu_order":0,"comment_status":"closed","ping_status":"closed","template":"","meta":{"footnotes":""},"class_list":["post-89","page","type-page","status-publish","hentry"],"yoast_head":"<!-- This site is optimized with the Yoast SEO plugin v24.0 - https:\/\/yoast.com\/wordpress\/plugins\/seo\/ -->\n<title>Kos\u00e1r - BRN<\/title>\n<meta name=\"robots\" content=\"index, follow, max-snippet:-1, max-image-preview:large, max-video-preview:-1\" \/>\n<link rel=\"canonical\" href=\"https:\/\/brn.hu\/en\/kosar\/\" \/>\n<meta property=\"og:locale\" content=\"en_GB\" \/>\n<meta property=\"og:type\" content=\"article\" \/>\n<meta property=\"og:title\" content=\"Kos\u00e1r - BRN\" \/>\n<meta property=\"og:description\" content=\"T\u00e9tel t\u00f6rl\u00e9se B\u00e9lyegk\u00e9p Term\u00e9k \u00c1r Mennyis\u00e9g R\u00e9sz\u00f6sszeg &times; Minta Term\u00e9k 1 10000&nbsp;&#070;&#116; Minta Term\u00e9k 1 mennyis\u00e9g 30000&nbsp;&#070;&#116; Kos\u00e1r friss\u00edt\u00e9se Kedvezm\u00e9ny bev\u00e1lt\u00e1sa Kos\u00e1r \u00f6sszesen R\u00e9sz\u00f6sszeg 30000&nbsp;&#070;&#116; Sz\u00e1ll\u00edt\u00e1s Teszt sz\u00e1ll\u00edt\u00e1s: 2000&nbsp;&#070;&#116; Teszt sz\u00e1ll\u00edt\u00e1s 2: 1500&nbsp;&#070;&#116; A sz\u00e1ll\u00edt\u00e1si m\u00f3dok friss\u00edtve lesznek a p\u00e9nzt\u00e1r oldalon. Sz\u00e1ll\u00edt\u00e1si d\u00edj kisz\u00e1m\u00edt\u00e1sa Orsz\u00e1g \/ r\u00e9gi\u00f3: V\u00e1lassz egy orsz\u00e1g\/r\u00e9gi\u00f3t&hellip;Afganiszt\u00e1n\u00c5land-szigetekAlb\u00e1niaAlg\u00e9riaAmerikai Egyes\u00fclt \u00c1llamokAmerikai Egyes\u00fclt \u00c1llamok lakatlan [&hellip;]\" \/>\n<meta property=\"og:url\" content=\"https:\/\/brn.hu\/en\/kosar\/\" \/>\n<meta property=\"og:site_name\" content=\"BRN\" \/>\n<meta property=\"article:modified_time\" content=\"2024-08-14T04:47:21+00:00\" \/>\n<meta property=\"og:image\" content=\"https:\/\/brn.hu\/wp-content\/uploads\/2024\/08\/minta-termek-kep-1-300x300.jpg\" \/>\n<meta name=\"twitter:card\" content=\"summary_large_image\" \/>\n<meta name=\"twitter:label1\" content=\"Estimated reading time\" \/>\n\t<meta name=\"twitter:data1\" content=\"2 minutes\" \/>\n<script type=\"application\/ld+json\" class=\"yoast-schema-graph\">{\"@context\":\"https:\/\/schema.org\",\"@graph\":[{\"@type\":\"WebPage\",\"@id\":\"https:\/\/brn.hu\/kosar\/\",\"url\":\"https:\/\/brn.hu\/kosar\/\",\"name\":\"Kos\u00e1r - BRN\",\"isPartOf\":{\"@id\":\"https:\/\/brn.hu\/#website\"},\"primaryImageOfPage\":{\"@id\":\"https:\/\/brn.hu\/kosar\/#primaryimage\"},\"image\":{\"@id\":\"https:\/\/brn.hu\/kosar\/#primaryimage\"},\"thumbnailUrl\":\"https:\/\/brn.hu\/wp-content\/uploads\/2024\/08\/minta-termek-kep-1-300x300.jpg\",\"datePublished\":\"2024-08-12T13:32:53+00:00\",\"dateModified\":\"2024-08-14T04:47:21+00:00\",\"breadcrumb\":{\"@id\":\"https:\/\/brn.hu\/kosar\/#breadcrumb\"},\"inLanguage\":\"en-GB\",\"potentialAction\":[{\"@type\":\"ReadAction\",\"target\":[\"https:\/\/brn.hu\/kosar\/\"]}]},{\"@type\":\"ImageObject\",\"inLanguage\":\"en-GB\",\"@id\":\"https:\/\/brn.hu\/kosar\/#primaryimage\",\"url\":\"https:\/\/brn.hu\/wp-content\/uploads\/2024\/08\/minta-termek-kep-1-300x300.jpg\",\"contentUrl\":\"https:\/\/brn.hu\/wp-content\/uploads\/2024\/08\/minta-termek-kep-1-300x300.jpg\"},{\"@type\":\"BreadcrumbList\",\"@id\":\"https:\/\/brn.hu\/kosar\/#breadcrumb\",\"itemListElement\":[{\"@type\":\"ListItem\",\"position\":1,\"name\":\"Kezd\u0151lap\",\"item\":\"https:\/\/brn.hu\/\"},{\"@type\":\"ListItem\",\"position\":2,\"name\":\"Kos\u00e1r\"}]},{\"@type\":\"WebSite\",\"@id\":\"https:\/\/brn.hu\/#website\",\"url\":\"https:\/\/brn.hu\/\",\"name\":\"BRN\",\"description\":\"\",\"publisher\":{\"@id\":\"https:\/\/brn.hu\/#organization\"},\"potentialAction\":[{\"@type\":\"SearchAction\",\"target\":{\"@type\":\"EntryPoint\",\"urlTemplate\":\"https:\/\/brn.hu\/?s={search_term_string}\"},\"query-input\":{\"@type\":\"PropertyValueSpecification\",\"valueRequired\":true,\"valueName\":\"search_term_string\"}}],\"inLanguage\":\"en-GB\"},{\"@type\":\"Organization\",\"@id\":\"https:\/\/brn.hu\/#organization\",\"name\":\"BRN\",\"url\":\"https:\/\/brn.hu\/\",\"logo\":{\"@type\":\"ImageObject\",\"inLanguage\":\"en-GB\",\"@id\":\"https:\/\/brn.hu\/#\/schema\/logo\/image\/\",\"url\":\"https:\/\/brn.hu\/wp-content\/uploads\/2024\/08\/brn-logo.png\",\"contentUrl\":\"https:\/\/brn.hu\/wp-content\/uploads\/2024\/08\/brn-logo.png\",\"width\":251,\"height\":113,\"caption\":\"BRN\"},\"image\":{\"@id\":\"https:\/\/brn.hu\/#\/schema\/logo\/image\/\"}}]}<\/script>\n<!-- \/ Yoast SEO plugin. -->","yoast_head_json":{"title":"Kos\u00e1r - BRN","robots":{"index":"index","follow":"follow","max-snippet":"max-snippet:-1","max-image-preview":"max-image-preview:large","max-video-preview":"max-video-preview:-1"},"canonical":"https:\/\/brn.hu\/en\/kosar\/","og_locale":"en_GB","og_type":"article","og_title":"Kos\u00e1r - BRN","og_description":"T\u00e9tel t\u00f6rl\u00e9se B\u00e9lyegk\u00e9p Term\u00e9k \u00c1r Mennyis\u00e9g R\u00e9sz\u00f6sszeg &times; Minta Term\u00e9k 1 10000&nbsp;&#70;&#116; Minta Term\u00e9k 1 mennyis\u00e9g 30000&nbsp;&#70;&#116; Kos\u00e1r friss\u00edt\u00e9se Kedvezm\u00e9ny bev\u00e1lt\u00e1sa Kos\u00e1r \u00f6sszesen R\u00e9sz\u00f6sszeg 30000&nbsp;&#70;&#116; Sz\u00e1ll\u00edt\u00e1s Teszt sz\u00e1ll\u00edt\u00e1s: 2000&nbsp;&#70;&#116; Teszt sz\u00e1ll\u00edt\u00e1s 2: 1500&nbsp;&#70;&#116; A sz\u00e1ll\u00edt\u00e1si m\u00f3dok friss\u00edtve lesznek a p\u00e9nzt\u00e1r oldalon. Sz\u00e1ll\u00edt\u00e1si d\u00edj kisz\u00e1m\u00edt\u00e1sa Orsz\u00e1g \/ r\u00e9gi\u00f3: V\u00e1lassz egy orsz\u00e1g\/r\u00e9gi\u00f3t&hellip;Afganiszt\u00e1n\u00c5land-szigetekAlb\u00e1niaAlg\u00e9riaAmerikai Egyes\u00fclt \u00c1llamokAmerikai Egyes\u00fclt \u00c1llamok lakatlan [&hellip;]","og_url":"https:\/\/brn.hu\/en\/kosar\/","og_site_name":"BRN","article_modified_time":"2024-08-14T04:47:21+00:00","og_image":[{"url":"https:\/\/brn.hu\/wp-content\/uploads\/2024\/08\/minta-termek-kep-1-300x300.jpg","type":"","width":"","height":""}],"twitter_card":"summary_large_image","twitter_misc":{"Estimated reading time":"2 minutes"},"schema":{"@context":"https:\/\/schema.org","@graph":[{"@type":"WebPage","@id":"https:\/\/brn.hu\/kosar\/","url":"https:\/\/brn.hu\/kosar\/","name":"Kos\u00e1r - BRN","isPartOf":{"@id":"https:\/\/brn.hu\/#website"},"primaryImageOfPage":{"@id":"https:\/\/brn.hu\/kosar\/#primaryimage"},"image":{"@id":"https:\/\/brn.hu\/kosar\/#primaryimage"},"thumbnailUrl":"https:\/\/brn.hu\/wp-content\/uploads\/2024\/08\/minta-termek-kep-1-300x300.jpg","datePublished":"2024-08-12T13:32:53+00:00","dateModified":"2024-08-14T04:47:21+00:00","breadcrumb":{"@id":"https:\/\/brn.hu\/kosar\/#breadcrumb"},"inLanguage":"en-GB","potentialAction":[{"@type":"ReadAction","target":["https:\/\/brn.hu\/kosar\/"]}]},{"@type":"ImageObject","inLanguage":"en-GB","@id":"https:\/\/brn.hu\/kosar\/#primaryimage","url":"https:\/\/brn.hu\/wp-content\/uploads\/2024\/08\/minta-termek-kep-1-300x300.jpg","contentUrl":"https:\/\/brn.hu\/wp-content\/uploads\/2024\/08\/minta-termek-kep-1-300x300.jpg"},{"@type":"BreadcrumbList","@id":"https:\/\/brn.hu\/kosar\/#breadcrumb","itemListElement":[{"@type":"ListItem","position":1,"name":"Kezd\u0151lap","item":"https:\/\/brn.hu\/"},{"@type":"ListItem","position":2,"name":"Kos\u00e1r"}]},{"@type":"WebSite","@id":"https:\/\/brn.hu\/#website","url":"https:\/\/brn.hu\/","name":"BRN","description":"","publisher":{"@id":"https:\/\/brn.hu\/#organization"},"potentialAction":[{"@type":"SearchAction","target":{"@type":"EntryPoint","urlTemplate":"https:\/\/brn.hu\/?s={search_term_string}"},"query-input":{"@type":"PropertyValueSpecification","valueRequired":true,"valueName":"search_term_string"}}],"inLanguage":"en-GB"},{"@type":"Organization","@id":"https:\/\/brn.hu\/#organization","name":"BRN","url":"https:\/\/brn.hu\/","logo":{"@type":"ImageObject","inLanguage":"en-GB","@id":"https:\/\/brn.hu\/#\/schema\/logo\/image\/","url":"https:\/\/brn.hu\/wp-content\/uploads\/2024\/08\/brn-logo.png","contentUrl":"https:\/\/brn.hu\/wp-content\/uploads\/2024\/08\/brn-logo.png","width":251,"height":113,"caption":"BRN"},"image":{"@id":"https:\/\/brn.hu\/#\/schema\/logo\/image\/"}}]}},"_links":{"self":[{"href":"https:\/\/brn.hu\/en\/wp-json\/wp\/v2\/pages\/89","targetHints":{"allow":["GET"]}}],"collection":[{"href":"https:\/\/brn.hu\/en\/wp-json\/wp\/v2\/pages"}],"about":[{"href":"https:\/\/brn.hu\/en\/wp-json\/wp\/v2\/types\/page"}],"author":[{"embeddable":true,"href":"https:\/\/brn.hu\/en\/wp-json\/wp\/v2\/users\/1"}],"replies":[{"embeddable":true,"href":"https:\/\/brn.hu\/en\/wp-json\/wp\/v2\/comments?post=89"}],"version-history":[{"count":55,"href":"https:\/\/brn.hu\/en\/wp-json\/wp\/v2\/pages\/89\/revisions"}],"predecessor-version":[{"id":232,"href":"https:\/\/brn.hu\/en\/wp-json\/wp\/v2\/pages\/89\/revisions\/232"}],"wp:attachment":[{"href":"https:\/\/brn.hu\/en\/wp-json\/wp\/v2\/media?parent=89"}],"curies":[{"name":"wp","href":"https:\/\/api.w.org\/{rel}","templated":true}]}}