{"id":266,"date":"2024-08-13T14:33:02","date_gmt":"2024-08-13T12:33:02","guid":{"rendered":"https:\/\/brn.hu\/?page_id=266"},"modified":"2025-01-07T16:04:09","modified_gmt":"2025-01-07T15:04:09","slug":"rolunk","status":"publish","type":"page","link":"https:\/\/brn.hu\/en\/rolunk\/","title":{"rendered":"About us"},"content":{"rendered":"<style>\/*! elementor - v3.23.0 - 05-08-2024 *\/<br \/>\n.elementor-widget-divider{--divider-border-style:none;--divider-border-width:1px;--divider-color:#0c0d0e;--divider-icon-size:20px;--divider-element-spacing:10px;--divider-pattern-height:24px;--divider-pattern-size:20px;--divider-pattern-url:none;--divider-pattern-repeat:repeat-x}.elementor-widget-divider .elementor-divider{display:flex}.elementor-widget-divider .elementor-divider__text{font-size:15px;line-height:1;max-width:95%}.elementor-widget-divider .elementor-divider__element{margin:0 var(--divider-element-spacing);flex-shrink:0}.elementor-widget-divider .elementor-icon{font-size:var(--divider-icon-size)}.elementor-widget-divider .elementor-divider-separator{display:flex;margin:0;direction:ltr}.elementor-widget-divider--view-line_icon .elementor-divider-separator,.elementor-widget-divider--view-line_text .elementor-divider-separator{align-items:center}.elementor-widget-divider--view-line_icon .elementor-divider-separator:after,.elementor-widget-divider--view-line_icon .elementor-divider-separator:before,.elementor-widget-divider--view-line_text .elementor-divider-separator:after,.elementor-widget-divider--view-line_text .elementor-divider-separator:before{display:block;content:\"\";border-block-end:0;flex-grow:1;border-block-start:var(--divider-border-width) var(--divider-border-style) var(--divider-color)}.elementor-widget-divider--element-align-left .elementor-divider .elementor-divider-separator>.elementor-divider__svg:first-of-type{flex-grow:0;flex-shrink:100}.elementor-widget-divider--element-align-left .elementor-divider-separator:before{content:none}.elementor-widget-divider--element-align-left .elementor-divider__element{margin-left:0}.elementor-widget-divider--element-align-right .elementor-divider .elementor-divider-separator>.elementor-divider__svg:last-of-type{flex-grow:0;flex-shrink:100}.elementor-widget-divider--element-align-right .elementor-divider-separator:after{content:none}.elementor-widget-divider--element-align-right .elementor-divider__element{margin-right:0}.elementor-widget-divider--element-align-start .elementor-divider .elementor-divider-separator>.elementor-divider__svg:first-of-type{flex-grow:0;flex-shrink:100}.elementor-widget-divider--element-align-start .elementor-divider-separator:before{content:none}.elementor-widget-divider--element-align-start .elementor-divider__element{margin-inline-start:0}.elementor-widget-divider--element-align-end .elementor-divider .elementor-divider-separator>.elementor-divider__svg:last-of-type{flex-grow:0;flex-shrink:100}.elementor-widget-divider--element-align-end .elementor-divider-separator:after{content:none}.elementor-widget-divider--element-align-end .elementor-divider__element{margin-inline-end:0}.elementor-widget-divider:not(.elementor-widget-divider--view-line_text):not(.elementor-widget-divider--view-line_icon) .elementor-divider-separator{border-block-start:var(--divider-border-width) var(--divider-border-style) var(--divider-color)}.elementor-widget-divider--separator-type-pattern{--divider-border-style:none}.elementor-widget-divider--separator-type-pattern.elementor-widget-divider--view-line .elementor-divider-separator,.elementor-widget-divider--separator-type-pattern:not(.elementor-widget-divider--view-line) .elementor-divider-separator:after,.elementor-widget-divider--separator-type-pattern:not(.elementor-widget-divider--view-line) .elementor-divider-separator:before,.elementor-widget-divider--separator-type-pattern:not([class*=elementor-widget-divider--view]) .elementor-divider-separator{width:100%;min-height:var(--divider-pattern-height);-webkit-mask-size:var(--divider-pattern-size) 100%;mask-size:var(--divider-pattern-size) 100%;-webkit-mask-repeat:var(--divider-pattern-repeat);mask-repeat:var(--divider-pattern-repeat);background-color:var(--divider-color);-webkit-mask-image:var(--divider-pattern-url);mask-image:var(--divider-pattern-url)}.elementor-widget-divider--no-spacing{--divider-pattern-size:auto}.elementor-widget-divider--bg-round{--divider-pattern-repeat:round}.rtl .elementor-widget-divider .elementor-divider__text{direction:rtl}.e-con-inner>.elementor-widget-divider,.e-con>.elementor-widget-divider{width:var(--container-widget-width,100%);--flex-grow:var(--container-widget-flex-grow)}<\/style>\n<style>\/*! elementor - v3.23.0 - 05-08-2024 *\/<br \/>\n.elementor-widget-image{text-align:center}.elementor-widget-image a{display:inline-block}.elementor-widget-image a img[src$=\".svg\"]{width:48px}.elementor-widget-image img{vertical-align:middle;display:inline-block}<\/style>\n<p><a href=\"https:\/\/brn.hu\/wp-content\/uploads\/2024\/12\/rolunk.jpg\" data-elementor-open-lightbox=\"yes\" data-elementor-lightbox-title=\"BRN - Story\" data-elementor-lightbox-description=\"Hogyan is ker\u00fclt\u00fcnk a bor\u00e1szathoz?\" data-e-action-hash=\"#elementor-action%3Aaction%3Dlightbox%26settings%3DeyJpZCI6Njc3LCJ1cmwiOiJodHRwczpcL1wvYnJuLmh1XC93cC1jb250ZW50XC91cGxvYWRzXC8yMDI0XC8xMlwvcm9sdW5rLmpwZyJ9\"><br \/>\n<img fetchpriority=\"high\" decoding=\"async\" src=\"https:\/\/brn.hu\/wp-content\/uploads\/2024\/12\/rolunk.jpg\" sizes=\"(max-width: 1924px) 100vw, 1924px\" srcset=\"https:\/\/brn.hu\/wp-content\/uploads\/2024\/12\/rolunk.jpg 1924w, https:\/\/brn.hu\/wp-content\/uploads\/2024\/12\/rolunk-300x129.jpg 300w, https:\/\/brn.hu\/wp-content\/uploads\/2024\/12\/rolunk-1024x440.jpg 1024w, https:\/\/brn.hu\/wp-content\/uploads\/2024\/12\/rolunk-768x330.jpg 768w, https:\/\/brn.hu\/wp-content\/uploads\/2024\/12\/rolunk-1536x660.jpg 1536w, https:\/\/brn.hu\/wp-content\/uploads\/2024\/12\/rolunk-18x8.jpg 18w, https:\/\/brn.hu\/wp-content\/uploads\/2024\/12\/rolunk-600x258.jpg 600w\" alt=\"BRN - Story\" width=\"1924\" height=\"827\" \/> <\/a><\/p>\n<style>\/*! elementor - v3.23.0 - 05-08-2024 *\/<br \/>\n.elementor-heading-title{padding:0;margin:0;line-height:1}.elementor-widget-heading .elementor-heading-title[class*=elementor-size-]>a{color:inherit;font-size:inherit;line-height:inherit}.elementor-widget-heading .elementor-heading-title.elementor-size-small{font-size:15px}.elementor-widget-heading .elementor-heading-title.elementor-size-medium{font-size:19px}.elementor-widget-heading .elementor-heading-title.elementor-size-large{font-size:29px}.elementor-widget-heading .elementor-heading-title.elementor-size-xl{font-size:39px}.elementor-widget-heading .elementor-heading-title.elementor-size-xxl{font-size:59px}<\/style>","protected":false},"excerpt":{"rendered":"","protected":false},"author":1,"featured_media":0,"parent":0,"menu_order":0,"comment_status":"closed","ping_status":"closed","template":"","meta":{"footnotes":""},"class_list":["post-266","page","type-page","status-publish","hentry"],"yoast_head":"<!-- This site is optimized with the Yoast SEO plugin v24.0 - https:\/\/yoast.com\/wordpress\/plugins\/seo\/ -->\n<title>Nat\u00far bort csin\u00e1lunk! - Ismerd meg a BRN-t<\/title>\n<meta name=\"description\" content=\"Nat\u00far borok \u00e9s kutyabar\u00e1t vend\u00e9gh\u00e1z a Szent Gy\u00f6rgy-hegyen. Ismerd meg a BRN mes\u00e9j\u00e9t, fedezd fel a borok \u00e9s a vend\u00e9gh\u00e1z t\u00f6rt\u00e9net\u00e9t.\" \/>\n<meta name=\"robots\" content=\"index, follow, max-snippet:-1, max-image-preview:large, max-video-preview:-1\" \/>\n<link rel=\"canonical\" href=\"https:\/\/brn.hu\/en\/rolunk\/\" \/>\n<meta property=\"og:locale\" content=\"en_GB\" \/>\n<meta property=\"og:type\" content=\"article\" \/>\n<meta property=\"og:title\" content=\"Nat\u00far bort csin\u00e1lunk! - Ismerd meg a BRN-t\" \/>\n<meta property=\"og:description\" content=\"Nat\u00far borok \u00e9s kutyabar\u00e1t vend\u00e9gh\u00e1z a Szent Gy\u00f6rgy-hegyen. Ismerd meg a BRN mes\u00e9j\u00e9t, fedezd fel a borok \u00e9s a vend\u00e9gh\u00e1z t\u00f6rt\u00e9net\u00e9t.\" \/>\n<meta property=\"og:url\" content=\"https:\/\/brn.hu\/en\/rolunk\/\" \/>\n<meta property=\"og:site_name\" content=\"BRN\" \/>\n<meta property=\"article:modified_time\" content=\"2025-01-07T15:04:09+00:00\" \/>\n<meta property=\"og:image\" content=\"https:\/\/brn.hu\/wp-content\/uploads\/2024\/12\/rolunk.jpg\" \/>\n<meta name=\"twitter:card\" content=\"summary_large_image\" \/>\n<meta name=\"twitter:label1\" content=\"Estimated reading time\" \/>\n\t<meta name=\"twitter:data1\" content=\"1 minute\" \/>\n<script type=\"application\/ld+json\" class=\"yoast-schema-graph\">{\"@context\":\"https:\/\/schema.org\",\"@graph\":[{\"@type\":\"WebPage\",\"@id\":\"https:\/\/brn.hu\/rolunk\/\",\"url\":\"https:\/\/brn.hu\/rolunk\/\",\"name\":\"Nat\u00far bort csin\u00e1lunk! - Ismerd meg a BRN-t\",\"isPartOf\":{\"@id\":\"https:\/\/brn.hu\/#website\"},\"primaryImageOfPage\":{\"@id\":\"https:\/\/brn.hu\/rolunk\/#primaryimage\"},\"image\":{\"@id\":\"https:\/\/brn.hu\/rolunk\/#primaryimage\"},\"thumbnailUrl\":\"https:\/\/brn.hu\/wp-content\/uploads\/2024\/12\/rolunk.jpg\",\"datePublished\":\"2024-08-13T12:33:02+00:00\",\"dateModified\":\"2025-01-07T15:04:09+00:00\",\"description\":\"Nat\u00far borok \u00e9s kutyabar\u00e1t vend\u00e9gh\u00e1z a Szent Gy\u00f6rgy-hegyen. Ismerd meg a BRN mes\u00e9j\u00e9t, fedezd fel a borok \u00e9s a vend\u00e9gh\u00e1z t\u00f6rt\u00e9net\u00e9t.\",\"breadcrumb\":{\"@id\":\"https:\/\/brn.hu\/rolunk\/#breadcrumb\"},\"inLanguage\":\"en-GB\",\"potentialAction\":[{\"@type\":\"ReadAction\",\"target\":[\"https:\/\/brn.hu\/rolunk\/\"]}]},{\"@type\":\"ImageObject\",\"inLanguage\":\"en-GB\",\"@id\":\"https:\/\/brn.hu\/rolunk\/#primaryimage\",\"url\":\"https:\/\/brn.hu\/wp-content\/uploads\/2024\/12\/rolunk.jpg\",\"contentUrl\":\"https:\/\/brn.hu\/wp-content\/uploads\/2024\/12\/rolunk.jpg\"},{\"@type\":\"BreadcrumbList\",\"@id\":\"https:\/\/brn.hu\/rolunk\/#breadcrumb\",\"itemListElement\":[{\"@type\":\"ListItem\",\"position\":1,\"name\":\"Kezd\u0151lap\",\"item\":\"https:\/\/brn.hu\/\"},{\"@type\":\"ListItem\",\"position\":2,\"name\":\"R\u00f3lunk\"}]},{\"@type\":\"WebSite\",\"@id\":\"https:\/\/brn.hu\/#website\",\"url\":\"https:\/\/brn.hu\/\",\"name\":\"BRN\",\"description\":\"\",\"publisher\":{\"@id\":\"https:\/\/brn.hu\/#organization\"},\"potentialAction\":[{\"@type\":\"SearchAction\",\"target\":{\"@type\":\"EntryPoint\",\"urlTemplate\":\"https:\/\/brn.hu\/?s={search_term_string}\"},\"query-input\":{\"@type\":\"PropertyValueSpecification\",\"valueRequired\":true,\"valueName\":\"search_term_string\"}}],\"inLanguage\":\"en-GB\"},{\"@type\":\"Organization\",\"@id\":\"https:\/\/brn.hu\/#organization\",\"name\":\"BRN\",\"url\":\"https:\/\/brn.hu\/\",\"logo\":{\"@type\":\"ImageObject\",\"inLanguage\":\"en-GB\",\"@id\":\"https:\/\/brn.hu\/#\/schema\/logo\/image\/\",\"url\":\"https:\/\/brn.hu\/wp-content\/uploads\/2024\/08\/brn-logo.png\",\"contentUrl\":\"https:\/\/brn.hu\/wp-content\/uploads\/2024\/08\/brn-logo.png\",\"width\":251,\"height\":113,\"caption\":\"BRN\"},\"image\":{\"@id\":\"https:\/\/brn.hu\/#\/schema\/logo\/image\/\"}}]}<\/script>\n<!-- \/ Yoast SEO plugin. -->","yoast_head_json":{"title":"Nat\u00far bort csin\u00e1lunk! - Ismerd meg a BRN-t","description":"Nat\u00far borok \u00e9s kutyabar\u00e1t vend\u00e9gh\u00e1z a Szent Gy\u00f6rgy-hegyen. Ismerd meg a BRN mes\u00e9j\u00e9t, fedezd fel a borok \u00e9s a vend\u00e9gh\u00e1z t\u00f6rt\u00e9net\u00e9t.","robots":{"index":"index","follow":"follow","max-snippet":"max-snippet:-1","max-image-preview":"max-image-preview:large","max-video-preview":"max-video-preview:-1"},"canonical":"https:\/\/brn.hu\/en\/rolunk\/","og_locale":"en_GB","og_type":"article","og_title":"Nat\u00far bort csin\u00e1lunk! - Ismerd meg a BRN-t","og_description":"Nat\u00far borok \u00e9s kutyabar\u00e1t vend\u00e9gh\u00e1z a Szent Gy\u00f6rgy-hegyen. Ismerd meg a BRN mes\u00e9j\u00e9t, fedezd fel a borok \u00e9s a vend\u00e9gh\u00e1z t\u00f6rt\u00e9net\u00e9t.","og_url":"https:\/\/brn.hu\/en\/rolunk\/","og_site_name":"BRN","article_modified_time":"2025-01-07T15:04:09+00:00","og_image":[{"url":"https:\/\/brn.hu\/wp-content\/uploads\/2024\/12\/rolunk.jpg","type":"","width":"","height":""}],"twitter_card":"summary_large_image","twitter_misc":{"Estimated reading time":"1 minute"},"schema":{"@context":"https:\/\/schema.org","@graph":[{"@type":"WebPage","@id":"https:\/\/brn.hu\/rolunk\/","url":"https:\/\/brn.hu\/rolunk\/","name":"Nat\u00far bort csin\u00e1lunk! - Ismerd meg a BRN-t","isPartOf":{"@id":"https:\/\/brn.hu\/#website"},"primaryImageOfPage":{"@id":"https:\/\/brn.hu\/rolunk\/#primaryimage"},"image":{"@id":"https:\/\/brn.hu\/rolunk\/#primaryimage"},"thumbnailUrl":"https:\/\/brn.hu\/wp-content\/uploads\/2024\/12\/rolunk.jpg","datePublished":"2024-08-13T12:33:02+00:00","dateModified":"2025-01-07T15:04:09+00:00","description":"Nat\u00far borok \u00e9s kutyabar\u00e1t vend\u00e9gh\u00e1z a Szent Gy\u00f6rgy-hegyen. Ismerd meg a BRN mes\u00e9j\u00e9t, fedezd fel a borok \u00e9s a vend\u00e9gh\u00e1z t\u00f6rt\u00e9net\u00e9t.","breadcrumb":{"@id":"https:\/\/brn.hu\/rolunk\/#breadcrumb"},"inLanguage":"en-GB","potentialAction":[{"@type":"ReadAction","target":["https:\/\/brn.hu\/rolunk\/"]}]},{"@type":"ImageObject","inLanguage":"en-GB","@id":"https:\/\/brn.hu\/rolunk\/#primaryimage","url":"https:\/\/brn.hu\/wp-content\/uploads\/2024\/12\/rolunk.jpg","contentUrl":"https:\/\/brn.hu\/wp-content\/uploads\/2024\/12\/rolunk.jpg"},{"@type":"BreadcrumbList","@id":"https:\/\/brn.hu\/rolunk\/#breadcrumb","itemListElement":[{"@type":"ListItem","position":1,"name":"Kezd\u0151lap","item":"https:\/\/brn.hu\/"},{"@type":"ListItem","position":2,"name":"R\u00f3lunk"}]},{"@type":"WebSite","@id":"https:\/\/brn.hu\/#website","url":"https:\/\/brn.hu\/","name":"BRN","description":"","publisher":{"@id":"https:\/\/brn.hu\/#organization"},"potentialAction":[{"@type":"SearchAction","target":{"@type":"EntryPoint","urlTemplate":"https:\/\/brn.hu\/?s={search_term_string}"},"query-input":{"@type":"PropertyValueSpecification","valueRequired":true,"valueName":"search_term_string"}}],"inLanguage":"en-GB"},{"@type":"Organization","@id":"https:\/\/brn.hu\/#organization","name":"BRN","url":"https:\/\/brn.hu\/","logo":{"@type":"ImageObject","inLanguage":"en-GB","@id":"https:\/\/brn.hu\/#\/schema\/logo\/image\/","url":"https:\/\/brn.hu\/wp-content\/uploads\/2024\/08\/brn-logo.png","contentUrl":"https:\/\/brn.hu\/wp-content\/uploads\/2024\/08\/brn-logo.png","width":251,"height":113,"caption":"BRN"},"image":{"@id":"https:\/\/brn.hu\/#\/schema\/logo\/image\/"}}]}},"_links":{"self":[{"href":"https:\/\/brn.hu\/en\/wp-json\/wp\/v2\/pages\/266","targetHints":{"allow":["GET"]}}],"collection":[{"href":"https:\/\/brn.hu\/en\/wp-json\/wp\/v2\/pages"}],"about":[{"href":"https:\/\/brn.hu\/en\/wp-json\/wp\/v2\/types\/page"}],"author":[{"embeddable":true,"href":"https:\/\/brn.hu\/en\/wp-json\/wp\/v2\/users\/1"}],"replies":[{"embeddable":true,"href":"https:\/\/brn.hu\/en\/wp-json\/wp\/v2\/comments?post=266"}],"version-history":[{"count":53,"href":"https:\/\/brn.hu\/en\/wp-json\/wp\/v2\/pages\/266\/revisions"}],"predecessor-version":[{"id":720,"href":"https:\/\/brn.hu\/en\/wp-json\/wp\/v2\/pages\/266\/revisions\/720"}],"wp:attachment":[{"href":"https:\/\/brn.hu\/en\/wp-json\/wp\/v2\/media?parent=266"}],"curies":[{"name":"wp","href":"https:\/\/api.w.org\/{rel}","templated":true}]}}